{"id":2577,"date":"2024-11-30T22:01:42","date_gmt":"2024-11-30T21:01:42","guid":{"rendered":"https:\/\/pianos-thiell-metz.fr\/?page_id=2577"},"modified":"2024-11-30T22:03:14","modified_gmt":"2024-11-30T21:03:14","slug":"conditions-generales-dutilisation","status":"publish","type":"page","link":"https:\/\/pianos-thiell-metz.fr\/?page_id=2577","title":{"rendered":"Conditions g\u00e9n\u00e9rales d&rsquo;utilisation"},"content":{"rendered":"<p style=\"text-align: center;\">En vigueur au 01\/12\/2024<br \/>\nLes pr\u00e9sentes conditions g\u00e9n\u00e9rales d&rsquo;utilisation (dites \u00ab CGU \u00bb) ont pour objet l&rsquo;encadrement juridique<br \/>\ndes modalit\u00e9s de mise \u00e0 disposition du site et des services par Orianne COLOMB et de d\u00e9finir les<br \/>\nconditions d\u2019acc\u00e8s et d\u2019utilisation des services par \u00ab l&rsquo;Utilisateur \u00bb.<br \/>\nLes pr\u00e9sentes CGU sont accessibles sur le site \u00e0 la rubrique \u00abCGU\u00bb.<\/p>\n<p style=\"text-align: center;\"><strong>Article 1 : Les mentions l\u00e9gales<\/strong><\/p>\n<p style=\"text-align: center;\">L\u2019\u00e9dition et la direction de la publication du site https:\/\/pianos-thiell-metz.fr est assur\u00e9e par Orianne<br \/>\nColomb, domicili\u00e9 2 place Jeanne d&rsquo;Arc 57000 METZ.<br \/>\nNum\u00e9ro de t\u00e9l\u00e9phone est 03 87 37 01 01<br \/>\nAdresse e-mail E.pianosthiell.metz@gmail.com.<br \/>\nL&rsquo;h\u00e9bergeur du site https:\/\/pianos-thiell-metz.fr est la soci\u00e9t\u00e9 OVH, dont le si\u00e8ge social est situ\u00e9 au 2,<br \/>\nrue Kellermann, 59100 Roubaix, avec le num\u00e9ro de t\u00e9l\u00e9phone : _______________.<\/p>\n<p style=\"text-align: center;\"><strong>ARTICLE 2 : Acc\u00e8s au site<\/strong><\/p>\n<p style=\"text-align: center;\">Le site https:\/\/pianos-thiell-metz.fr permet \u00e0 l&rsquo;Utilisateur un acc\u00e8s gratuit aux services suivants :<br \/>\nLe site internet propose les services suivants :<br \/>\nLe site proposent des services d&rsquo;informations en rapport avec le magasin Pianos THIELL de METZ<br \/>\nLe site est accessible gratuitement en tout lieu \u00e0 tout Utilisateur ayant un acc\u00e8s \u00e0 Internet. Tous les<br \/>\nfrais support\u00e9s par l&rsquo;Utilisateur pour acc\u00e9der au service (mat\u00e9riel informatique, logiciels, connexion<br \/>\nInternet, etc.) sont \u00e0 sa charge.<\/p>\n<p style=\"text-align: center;\"><strong>ARTICLE 3 : Collecte des donn\u00e9es<\/strong><\/p>\n<p style=\"text-align: center;\">Le site assure \u00e0 l&rsquo;Utilisateur une collecte et un traitement d&rsquo;informations personnelles dans le respect<br \/>\nde la vie priv\u00e9e conform\u00e9ment \u00e0 la loi n\u00b078-17 du 6 janvier 1978 relative \u00e0 l&rsquo;informatique, aux fichiers<br \/>\net aux libert\u00e9s.<br \/>\nEn vertu de la loi Informatique et Libert\u00e9s, en date du 6 janvier 1978, l&rsquo;Utilisateur dispose d&rsquo;un droit<br \/>\nd&rsquo;acc\u00e8s, de rectification, de suppression et d&rsquo;opposition de ses donn\u00e9es personnelles. L&rsquo;Utilisateur<br \/>\nexerce ce droit :<br \/>\n\u00b7 par mail \u00e0 l&rsquo;adresse email E.pianosthiell.metz@gmail.com<\/p>\n<p style=\"text-align: center;\"><strong>ARTICLE 4 : Propri\u00e9t\u00e9 intellectuelle<\/strong><\/p>\n<p style=\"text-align: center;\">Les marques, logos, signes ainsi que tous les contenus du site (textes, images, son\u2026) font l&rsquo;objet<br \/>\nd&rsquo;une protection par le Code de la propri\u00e9t\u00e9 intellectuelle et plus particuli\u00e8rement par le droit d&rsquo;auteur.<br \/>\nLa marque Piano THIELL est une marque d\u00e9pos\u00e9e par Orianne COLOMB.Toute repr\u00e9sentation et\/ou<br \/>\nreproduction et\/ou exploitation partielle ou totale de cette marque, de quelque nature que ce soit, est<br \/>\ntotalement prohib\u00e9e.<br \/>\nL&rsquo;Utilisateur doit solliciter l&rsquo;autorisation pr\u00e9alable du site pour toute reproduction, publication, copie<br \/>\ndes diff\u00e9rents contenus. Il s&rsquo;engage \u00e0 une utilisation des contenus du site dans un cadre strictement<br \/>\npriv\u00e9, toute utilisation \u00e0 des fins commerciales et publicitaires est strictement interdite.<br \/>\nToute repr\u00e9sentation totale ou partielle de ce site par quelque proc\u00e9d\u00e9 que ce soit, sans l\u2019autorisation<br \/>\nexpresse de l\u2019exploitant du site Internet constituerait une contrefa\u00e7on sanctionn\u00e9e par l\u2019article L 335-2<br \/>\net suivants du Code de la propri\u00e9t\u00e9 intellectuelle.<br \/>\nIl est rappel\u00e9 conform\u00e9ment \u00e0 l\u2019article L122-5 du Code de propri\u00e9t\u00e9 intellectuelle que l\u2019Utilisateur qui<br \/>\nreproduit, copie ou publie le contenu prot\u00e9g\u00e9 doit citer l\u2019auteur et sa source.<\/p>\n<p style=\"text-align: center;\"><strong>ARTICLE 5 : Responsabilit\u00e9<\/strong><\/p>\n<p style=\"text-align: center;\">Les sources des informations diffus\u00e9es sur le site https:\/\/pianos-thiell-metz.fr sont r\u00e9put\u00e9es fiables<br \/>\nmais le site ne garantit pas qu\u2019il soit exempt de d\u00e9fauts, d\u2019erreurs ou d\u2019omissions.<br \/>\nLes informations communiqu\u00e9es sont pr\u00e9sent\u00e9es \u00e0 titre indicatif et g\u00e9n\u00e9ral sans valeur contractuelle.<br \/>\nMalgr\u00e9 des mises \u00e0 jour r\u00e9guli\u00e8res, le site https:\/\/pianos-thiell-metz.fr ne peut \u00eatre tenu responsable<br \/>\nde la modification des dispositions administratives et juridiques survenant apr\u00e8s la publication. De<br \/>\nm\u00eame, le site ne peut \u00eatre tenue responsable de l\u2019utilisation et de l\u2019interpr\u00e9tation de l\u2019information<br \/>\ncontenue dans ce site.<br \/>\nLe site https:\/\/pianos-thiell-metz.fr ne peut \u00eatre tenu pour responsable d\u2019\u00e9ventuels virus qui pourraient<br \/>\ninfecter l\u2019ordinateur ou tout mat\u00e9riel informatique de l\u2019Internaute, suite \u00e0 une utilisation, \u00e0 l\u2019acc\u00e8s, ou<br \/>\nau t\u00e9l\u00e9chargement provenant de ce site.<br \/>\nLa responsabilit\u00e9 du site ne peut \u00eatre engag\u00e9e en cas de force majeure ou du fait impr\u00e9visible et<br \/>\ninsurmontable d&rsquo;un tiers.<\/p>\n<p style=\"text-align: center;\">\n<strong>ARTICLE 6 : Liens hypertextes<\/strong><\/p>\n<p style=\"text-align: center;\">\nDes liens hypertextes peuvent \u00eatre pr\u00e9sents sur le site. L\u2019Utilisateur est inform\u00e9 qu\u2019en cliquant sur ces<br \/>\nliens, il sortira du site https:\/\/pianos-thiell-metz.fr. Ce dernier n\u2019a pas de contr\u00f4le sur les pages web<br \/>\nsur lesquelles aboutissent ces liens et ne saurait, en aucun cas, \u00eatre responsable de leur contenu.<\/p>\n<p style=\"text-align: center;\"><strong>ARTICLE 7 : Cookies<\/strong><\/p>\n<p style=\"text-align: center;\">L\u2019Utilisateur est inform\u00e9 que lors de ses visites sur le site, un cookie peut s\u2019installer automatiquement<br \/>\nsur son logiciel de navigation.<br \/>\nLes cookies sont de petits fichiers stock\u00e9s temporairement sur le disque dur de l\u2019ordinateur de<br \/>\nl\u2019Utilisateur par votre navigateur et qui sont n\u00e9cessaires \u00e0 l\u2019utilisation du site https:\/\/pianos-thiell-<br \/>\nmetz.fr. Les cookies ne contiennent pas d\u2019information personnelle et ne peuvent pas \u00eatre utilis\u00e9s pour<br \/>\nidentifier quelqu\u2019un. Un cookie contient un identifiant unique, g\u00e9n\u00e9r\u00e9 al\u00e9atoirement et donc anonyme.<br \/>\nCertains cookies expirent \u00e0 la fin de la visite de l\u2019Utilisateur, d\u2019autres restent.<br \/>\nL\u2019information contenue dans les cookies est utilis\u00e9e pour am\u00e9liorer le site https:\/\/pianos-thiell-metz.fr.<br \/>\nEn naviguant sur le site, L\u2019Utilisateur les accepte.<br \/>\nL\u2019Utilisateur doit toutefois donner son consentement quant \u00e0 l\u2019utilisation de certains cookies.<br \/>\nA d\u00e9faut d\u2019acceptation, l\u2019Utilisateur est inform\u00e9 que certaines fonctionnalit\u00e9s ou pages risquent de lui<br \/>\n\u00eatre refus\u00e9es.<br \/>\nL\u2019Utilisateur pourra d\u00e9sactiver ces cookies par l\u2019interm\u00e9diaire des param\u00e8tres figurant au sein de son<br \/>\nlogiciel de navigation.<\/p>\n<p style=\"text-align: center;\"><strong>ARTICLE 8 : Droit applicable et juridiction comp\u00e9tente<\/strong><\/p>\n<p style=\"text-align: center;\">La l\u00e9gislation fran\u00e7aise s&rsquo;applique au pr\u00e9sent contrat. En cas d&rsquo;absence de r\u00e9solution amiable d&rsquo;un<br \/>\nlitige n\u00e9 entre les parties, les tribunaux fran\u00e7ais seront seuls comp\u00e9tents pour en conna\u00eetre.<br \/>\nPour toute question relative \u00e0 l\u2019application des pr\u00e9sentes CGU, vous pouvez joindre l\u2019\u00e9diteur aux<br \/>\ncoordonn\u00e9es inscrites \u00e0 l\u2019ARTICLE 1.<\/p>\n<p style=\"text-align: center;\">\n","protected":false},"excerpt":{"rendered":"<p>En vigueur au 01\/12\/2024 Les pr\u00e9sentes conditions g\u00e9n\u00e9rales d&rsquo;utilisation (dites \u00ab CGU \u00bb) ont pour objet l&rsquo;encadrement juridique des modalit\u00e9s de mise \u00e0 disposition du site et des services par Orianne COLOMB et de d\u00e9finir les conditions d\u2019acc\u00e8s et d\u2019utilisation des services par \u00ab l&rsquo;Utilisateur \u00bb. Les pr\u00e9sentes CGU sont accessibles sur le site \u00e0 [&hellip;]<\/p>\n","protected":false},"author":1,"featured_media":0,"parent":0,"menu_order":0,"comment_status":"closed","ping_status":"open","template":"","meta":{"footnotes":""},"class_list":["post-2577","page","type-page","status-publish","hentry"],"_links":{"self":[{"href":"https:\/\/pianos-thiell-metz.fr\/index.php?rest_route=\/wp\/v2\/pages\/2577","targetHints":{"allow":["GET"]}}],"collection":[{"href":"https:\/\/pianos-thiell-metz.fr\/index.php?rest_route=\/wp\/v2\/pages"}],"about":[{"href":"https:\/\/pianos-thiell-metz.fr\/index.php?rest_route=\/wp\/v2\/types\/page"}],"author":[{"embeddable":true,"href":"https:\/\/pianos-thiell-metz.fr\/index.php?rest_route=\/wp\/v2\/users\/1"}],"replies":[{"embeddable":true,"href":"https:\/\/pianos-thiell-metz.fr\/index.php?rest_route=%2Fwp%2Fv2%2Fcomments&post=2577"}],"version-history":[{"count":4,"href":"https:\/\/pianos-thiell-metz.fr\/index.php?rest_route=\/wp\/v2\/pages\/2577\/revisions"}],"predecessor-version":[{"id":2581,"href":"https:\/\/pianos-thiell-metz.fr\/index.php?rest_route=\/wp\/v2\/pages\/2577\/revisions\/2581"}],"wp:attachment":[{"href":"https:\/\/pianos-thiell-metz.fr\/index.php?rest_route=%2Fwp%2Fv2%2Fmedia&parent=2577"}],"curies":[{"name":"wp","href":"https:\/\/api.w.org\/{rel}","templated":true}]}}