{"id":2519,"date":"2024-11-30T16:38:03","date_gmt":"2024-11-30T15:38:03","guid":{"rendered":"https:\/\/pianos-thiell-metz.fr\/?page_id=2519"},"modified":"2024-12-01T20:03:02","modified_gmt":"2024-12-01T19:03:02","slug":"schimmel-twintone","status":"publish","type":"page","link":"https:\/\/pianos-thiell-metz.fr\/?page_id=2519","title":{"rendered":"SCHIMMEL  Twintone"},"content":{"rendered":"\t\t<div data-elementor-type=\"wp-page\" data-elementor-id=\"2519\" class=\"elementor elementor-2519\">\n\t\t\t\t\t\t<section class=\"elementor-section elementor-top-section elementor-element elementor-element-5958b40d elementor-section-stretched elementor-section-full_width elementor-section-height-default elementor-section-height-default\" data-id=\"5958b40d\" data-element_type=\"section\" data-settings=\"{&quot;stretch_section&quot;:&quot;section-stretched&quot;}\">\n\t\t\t\t\t\t<div class=\"elementor-container elementor-column-gap-no\">\n\t\t\t\t\t<div class=\"elementor-column elementor-col-100 elementor-top-column elementor-element elementor-element-797599b0\" data-id=\"797599b0\" data-element_type=\"column\">\n\t\t\t<div class=\"elementor-widget-wrap elementor-element-populated\">\n\t\t\t\t\t\t<div class=\"elementor-element elementor-element-5812d71b elementor-widget elementor-widget-honshi-hero-parallax\" data-id=\"5812d71b\" data-element_type=\"widget\" data-widget_type=\"honshi-hero-parallax.default\">\n\t\t\t\t<div class=\"elementor-widget-container\">\n\t\t\t\t\t<div id=\"hero\" class=\"hero hero-fullscreen hero_5812d71b jarallax\" data-type=\"scroll\" data-speed=\"0.2\" data-android=\"1\" data-ios=\"1\" data-img-size=\"auto\" data-img-position=\"\" data-img-repeat=\"\" style=\"background-image:url(http:\/\/pianos-thiell-metz.fr\/wp-content\/uploads\/2024\/11\/07_Schimmel_twintone_und_mehr_Titelbild-1.webp)\"><div class=\"hero-content no\"><div class=\"container\"><div class=\"m-auto\"><h1 class=\"hero-heading\">Twintone<\/h1><h5 class=\"subheading mt0 mb50\"><p>SCHIMMEL PIANOS<\/p><\/h5><\/div><\/div><\/div><\/div>\t\t\t\t<\/div>\n\t\t\t\t<\/div>\n\t\t\t\t\t<\/div>\n\t\t<\/div>\n\t\t\t\t\t<\/div>\n\t\t<\/section>\n\t\t<div class=\"elementor-element elementor-element-3376cc79 e-con-full e-flex e-con e-parent\" data-id=\"3376cc79\" data-element_type=\"container\" data-settings=\"{&quot;background_background&quot;:&quot;classic&quot;}\">\n\t\t<div class=\"elementor-element elementor-element-127b5a67 e-con-full e-flex e-con e-child\" data-id=\"127b5a67\" data-element_type=\"container\">\n\t\t\t\t<div class=\"elementor-element elementor-element-63d37604 elementor-widget elementor-widget-heading\" data-id=\"63d37604\" data-element_type=\"widget\" data-widget_type=\"heading.default\">\n\t\t\t\t<div class=\"elementor-widget-container\">\n\t\t\t\t\t<h3 class=\"elementor-heading-title elementor-size-default\">SCHIMMEL twintone\n<\/h3>\t\t\t\t<\/div>\n\t\t\t\t<\/div>\n\t\t\t\t<div class=\"elementor-element elementor-element-7cbaa355 elementor-widget elementor-widget-text-editor\" data-id=\"7cbaa355\" data-element_type=\"widget\" data-widget_type=\"text-editor.default\">\n\t\t\t\t<div class=\"elementor-widget-container\">\n\t\t\t\t\t\t\t\t\t<h5 class=\"elementor-heading-title elementor-size-default\">\u00ab\u00a0La musique ne dort jamais\u00a0\u00bb<\/h5>\t\t\t\t\t\t\t\t<\/div>\n\t\t\t\t<\/div>\n\t\t\t\t<\/div>\n\t\t<div class=\"elementor-element elementor-element-2002b7a2 e-con-full e-flex e-con e-child\" data-id=\"2002b7a2\" data-element_type=\"container\">\n\t\t\t\t<div class=\"elementor-element elementor-element-4542511c elementor-widget elementor-widget-image\" data-id=\"4542511c\" data-element_type=\"widget\" data-widget_type=\"image.default\">\n\t\t\t\t<div class=\"elementor-widget-container\">\n\t\t\t\t\t\t\t\t\t\t\t\t\t\t\t<img fetchpriority=\"high\" decoding=\"async\" width=\"800\" height=\"600\" src=\"https:\/\/pianos-thiell-metz.fr\/wp-content\/uploads\/2024\/11\/SCH_twintone_lautlos_musizieren.webp\" class=\"attachment-large size-large wp-image-2531\" alt=\"\" srcset=\"https:\/\/pianos-thiell-metz.fr\/wp-content\/uploads\/2024\/11\/SCH_twintone_lautlos_musizieren.webp 800w, https:\/\/pianos-thiell-metz.fr\/wp-content\/uploads\/2024\/11\/SCH_twintone_lautlos_musizieren-300x225.webp 300w, https:\/\/pianos-thiell-metz.fr\/wp-content\/uploads\/2024\/11\/SCH_twintone_lautlos_musizieren-768x576.webp 768w, https:\/\/pianos-thiell-metz.fr\/wp-content\/uploads\/2024\/11\/SCH_twintone_lautlos_musizieren-600x450.webp 600w\" sizes=\"(max-width: 800px) 100vw, 800px\" \/>\t\t\t\t\t\t\t\t\t\t\t\t\t\t\t<\/div>\n\t\t\t\t<\/div>\n\t\t\t\t<\/div>\n\t\t\t\t<\/div>\n\t\t<div class=\"elementor-element elementor-element-5070b86c e-flex e-con-boxed e-con e-parent\" data-id=\"5070b86c\" data-element_type=\"container\">\n\t\t\t\t\t<div class=\"e-con-inner\">\n\t\t\t\t<div class=\"elementor-element elementor-element-35b461d4 elementor-widget elementor-widget-heading\" data-id=\"35b461d4\" data-element_type=\"widget\" data-widget_type=\"heading.default\">\n\t\t\t\t<div class=\"elementor-widget-container\">\n\t\t\t\t\t<h1 class=\"elementor-heading-title elementor-size-default\">OPTION PIANO SILENT<\/h1>\t\t\t\t<\/div>\n\t\t\t\t<\/div>\n\t\t\t\t<div class=\"elementor-element elementor-element-d2c8a6f elementor-widget elementor-widget-text-editor\" data-id=\"d2c8a6f\" data-element_type=\"widget\" data-widget_type=\"text-editor.default\">\n\t\t\t\t<div class=\"elementor-widget-container\">\n\t\t\t\t\t\t\t\t\t<p>Id\u00e9al en appartement ou pour un instrument destin\u00e9 \u00e0 \u00eatre plac\u00e9 dans le s\u00e9jour, le syst\u00e8me silent permet au pianiste de jouer sans d\u00e9ranger son entourage.<\/p><p><strong>Pour rajouter un syst\u00e8me silent sur votre piano, il est pr\u00e9f\u00e9rable de nous consulter. Vous pouvez \u00e9galement commander votre piano neuf \u00e9quip\u00e9 du syst\u00e8me silent et mont\u00e9 en usine.<\/strong><\/p>\t\t\t\t\t\t\t\t<\/div>\n\t\t\t\t<\/div>\n\t\t\t\t<div class=\"elementor-element elementor-element-65f7bc0e elementor-align-center elementor-mobile-align-center elementor-widget elementor-widget-button\" data-id=\"65f7bc0e\" data-element_type=\"widget\" data-widget_type=\"button.default\">\n\t\t\t\t<div class=\"elementor-widget-container\">\n\t\t\t\t\t\t\t\t\t<div class=\"elementor-button-wrapper\">\n\t\t\t\t\t<a class=\"elementor-button elementor-button-link elementor-size-sm\" href=\"https:\/\/pianos-thiell-metz.fr\/?page_id=1957\">\n\t\t\t\t\t\t<span class=\"elementor-button-content-wrapper\">\n\t\t\t\t\t\t\t\t\t<span class=\"elementor-button-text\">Contactez-nous<\/span>\n\t\t\t\t\t<\/span>\n\t\t\t\t\t<\/a>\n\t\t\t\t<\/div>\n\t\t\t\t\t\t\t\t<\/div>\n\t\t\t\t<\/div>\n\t\t\t\t\t<\/div>\n\t\t\t\t<\/div>\n\t\t<div class=\"elementor-element elementor-element-5e9a3d09 e-flex e-con-boxed e-con e-parent\" data-id=\"5e9a3d09\" data-element_type=\"container\">\n\t\t\t\t\t<div class=\"e-con-inner\">\n\t\t<div class=\"elementor-element elementor-element-4bda2069 e-con-full e-flex e-con e-child\" data-id=\"4bda2069\" data-element_type=\"container\">\n\t\t<div class=\"elementor-element elementor-element-5b08824f e-con-full e-flex e-con e-child\" data-id=\"5b08824f\" data-element_type=\"container\">\n\t\t\t\t<div class=\"elementor-element elementor-element-1caf0538 elementor-widget elementor-widget-image\" data-id=\"1caf0538\" data-element_type=\"widget\" data-widget_type=\"image.default\">\n\t\t\t\t<div class=\"elementor-widget-container\">\n\t\t\t\t\t\t\t\t\t\t\t\t\t\t\t<img fetchpriority=\"high\" decoding=\"async\" width=\"800\" height=\"600\" src=\"https:\/\/pianos-thiell-metz.fr\/wp-content\/uploads\/2024\/11\/SCH_twintone_lautlos_musizieren.webp\" class=\"attachment-large size-large wp-image-2531\" alt=\"\" srcset=\"https:\/\/pianos-thiell-metz.fr\/wp-content\/uploads\/2024\/11\/SCH_twintone_lautlos_musizieren.webp 800w, https:\/\/pianos-thiell-metz.fr\/wp-content\/uploads\/2024\/11\/SCH_twintone_lautlos_musizieren-300x225.webp 300w, https:\/\/pianos-thiell-metz.fr\/wp-content\/uploads\/2024\/11\/SCH_twintone_lautlos_musizieren-768x576.webp 768w, https:\/\/pianos-thiell-metz.fr\/wp-content\/uploads\/2024\/11\/SCH_twintone_lautlos_musizieren-600x450.webp 600w\" sizes=\"(max-width: 800px) 100vw, 800px\" \/>\t\t\t\t\t\t\t\t\t\t\t\t\t\t\t<\/div>\n\t\t\t\t<\/div>\n\t\t\t\t<div class=\"elementor-element elementor-element-43330066 elementor-widget elementor-widget-image\" data-id=\"43330066\" data-element_type=\"widget\" data-widget_type=\"image.default\">\n\t\t\t\t<div class=\"elementor-widget-container\">\n\t\t\t\t\t\t\t\t\t\t\t\t<figure class=\"wp-caption\">\n\t\t\t\t\t\t\t\t\t\t<img decoding=\"async\" width=\"960\" height=\"640\" src=\"https:\/\/pianos-thiell-metz.fr\/wp-content\/uploads\/2024\/11\/Auslosung-Flugel-1024x683-1.webp\" class=\"attachment-large size-large wp-image-2534\" alt=\"\" srcset=\"https:\/\/pianos-thiell-metz.fr\/wp-content\/uploads\/2024\/11\/Auslosung-Flugel-1024x683-1.webp 1024w, https:\/\/pianos-thiell-metz.fr\/wp-content\/uploads\/2024\/11\/Auslosung-Flugel-1024x683-1-300x200.webp 300w, https:\/\/pianos-thiell-metz.fr\/wp-content\/uploads\/2024\/11\/Auslosung-Flugel-1024x683-1-768x512.webp 768w, https:\/\/pianos-thiell-metz.fr\/wp-content\/uploads\/2024\/11\/Auslosung-Flugel-1024x683-1-600x400.webp 600w\" sizes=\"(max-width: 960px) 100vw, 960px\" \/>\t\t\t\t\t\t\t\t\t\t\t<figcaption class=\"widget-image-caption wp-caption-text\">Pour activer la fonction sur les pianos a queue tourner le levier sous le c\u00f4t\u00e9 gauche du clavier depuis la gauche dans le sens inverse des aiguilles d\u2019une montre vers le pianiste.<\/figcaption>\n\t\t\t\t\t\t\t\t\t\t<\/figure>\n\t\t\t\t\t\t\t\t\t<\/div>\n\t\t\t\t<\/div>\n\t\t\t\t<\/div>\n\t\t<div class=\"elementor-element elementor-element-522637b e-con-full e-flex e-con e-child\" data-id=\"522637b\" data-element_type=\"container\">\n\t\t\t\t<div class=\"elementor-element elementor-element-4e5bda65 elementor-widget elementor-widget-image\" data-id=\"4e5bda65\" data-element_type=\"widget\" data-widget_type=\"image.default\">\n\t\t\t\t<div class=\"elementor-widget-container\">\n\t\t\t\t\t\t\t\t\t\t\t\t<figure class=\"wp-caption\">\n\t\t\t\t\t\t\t\t\t\t<img decoding=\"async\" width=\"824\" height=\"674\" src=\"https:\/\/pianos-thiell-metz.fr\/wp-content\/uploads\/2024\/11\/Auslosung-Klavier.webp\" class=\"attachment-large size-large wp-image-2533\" alt=\"\" srcset=\"https:\/\/pianos-thiell-metz.fr\/wp-content\/uploads\/2024\/11\/Auslosung-Klavier.webp 824w, https:\/\/pianos-thiell-metz.fr\/wp-content\/uploads\/2024\/11\/Auslosung-Klavier-300x245.webp 300w, https:\/\/pianos-thiell-metz.fr\/wp-content\/uploads\/2024\/11\/Auslosung-Klavier-768x628.webp 768w, https:\/\/pianos-thiell-metz.fr\/wp-content\/uploads\/2024\/11\/Auslosung-Klavier-600x491.webp 600w\" sizes=\"(max-width: 824px) 100vw, 824px\" \/>\t\t\t\t\t\t\t\t\t\t\t<figcaption class=\"widget-image-caption wp-caption-text\">Sur piano droit, Le mode silencieux est actionn\u00e9e par la p\u00e9dale du milieu.<\/figcaption>\n\t\t\t\t\t\t\t\t\t\t<\/figure>\n\t\t\t\t\t\t\t\t\t<\/div>\n\t\t\t\t<\/div>\n\t\t\t\t<div class=\"elementor-element elementor-element-29ffc2d9 elementor-widget elementor-widget-image\" data-id=\"29ffc2d9\" data-element_type=\"widget\" data-widget_type=\"image.default\">\n\t\t\t\t<div class=\"elementor-widget-container\">\n\t\t\t\t\t\t\t\t\t\t\t\t\t\t\t<img loading=\"lazy\" decoding=\"async\" width=\"960\" height=\"576\" src=\"https:\/\/pianos-thiell-metz.fr\/wp-content\/uploads\/2024\/11\/07_Schimmel_twintone_und_mehr_Titelbild-1-1024x614.webp\" class=\"attachment-large size-large wp-image-2522\" alt=\"\" srcset=\"https:\/\/pianos-thiell-metz.fr\/wp-content\/uploads\/2024\/11\/07_Schimmel_twintone_und_mehr_Titelbild-1-1024x614.webp 1024w, https:\/\/pianos-thiell-metz.fr\/wp-content\/uploads\/2024\/11\/07_Schimmel_twintone_und_mehr_Titelbild-1-300x180.webp 300w, https:\/\/pianos-thiell-metz.fr\/wp-content\/uploads\/2024\/11\/07_Schimmel_twintone_und_mehr_Titelbild-1-768x461.webp 768w, https:\/\/pianos-thiell-metz.fr\/wp-content\/uploads\/2024\/11\/07_Schimmel_twintone_und_mehr_Titelbild-1-1536x922.webp 1536w, https:\/\/pianos-thiell-metz.fr\/wp-content\/uploads\/2024\/11\/07_Schimmel_twintone_und_mehr_Titelbild-1-2048x1229.webp 2048w, https:\/\/pianos-thiell-metz.fr\/wp-content\/uploads\/2024\/11\/07_Schimmel_twintone_und_mehr_Titelbild-1-600x360.webp 600w\" sizes=\"(max-width: 960px) 100vw, 960px\" \/>\t\t\t\t\t\t\t\t\t\t\t\t\t\t\t<\/div>\n\t\t\t\t<\/div>\n\t\t\t\t<\/div>\n\t\t\t\t<\/div>\n\t\t<div class=\"elementor-element elementor-element-1bc57f87 e-con-full e-flex e-con e-child\" data-id=\"1bc57f87\" data-element_type=\"container\">\n\t\t\t\t<div class=\"elementor-element elementor-element-437c6f39 elementor-widget elementor-widget-heading\" data-id=\"437c6f39\" data-element_type=\"widget\" data-widget_type=\"heading.default\">\n\t\t\t\t<div class=\"elementor-widget-container\">\n\t\t\t\t\t<h5 class=\"elementor-heading-title elementor-size-default\">Mode de jeu acoustique ou silencieux<\/h5>\t\t\t\t<\/div>\n\t\t\t\t<\/div>\n\t\t\t\t<div class=\"elementor-element elementor-element-279f1e16 elementor-widget elementor-widget-text-editor\" data-id=\"279f1e16\" data-element_type=\"widget\" data-widget_type=\"text-editor.default\">\n\t\t\t\t<div class=\"elementor-widget-container\">\n\t\t\t\t\t\t\t\t\t<div class=\"flex max-w-full flex-col flex-grow\"><div class=\"min-h-8 text-message flex w-full flex-col items-end gap-2 whitespace-normal break-words [.text-message+&amp;]:mt-5\" dir=\"auto\" data-message-author-role=\"assistant\" data-message-id=\"6f85c6e7-9eba-47c1-8d8a-ef12a0bed3e6\" data-message-model-slug=\"gpt-4o\"><div class=\"flex w-full flex-col gap-1 empty:hidden first:pt-[3px]\"><div class=\"markdown prose w-full break-words dark:prose-invert dark\"><p>En jouant acoustiquement, profitez de toute la richesse sonore de votre piano : une dynamique authentique et une profondeur sonore id\u00e9ale pour entra\u00eener votre oreille et d\u00e9velopper votre musicalit\u00e9.<\/p><p>Pour jouer en toute intimit\u00e9, activez le mode silencieux. Dans ce mode, les marteaux sont intercept\u00e9s avant de frapper les cordes, et des capteurs optiques convertissent avec pr\u00e9cision les mouvements des touches en donn\u00e9es MIDI.<\/p><p>Ces donn\u00e9es sont ensuite transf\u00e9r\u00e9es au syst\u00e8me num\u00e9rique int\u00e9gr\u00e9, g\u00e9n\u00e9rant les sons du piano, que vous pouvez \u00e9couter via des \u00e9couteurs.<\/p><p>Avec cette technologie, vous b\u00e9n\u00e9ficiez \u00e9galement de la possibilit\u00e9 de contr\u00f4ler des p\u00e9riph\u00e9riques MIDI externes compatibles gr\u00e2ce \u00e0 Twintone, pour une exp\u00e9rience encore plus polyvalente.<\/p><\/div><\/div><\/div><\/div><div class=\"mb-2 flex gap-3 empty:hidden -ml-2\"><div class=\"items-center justify-start rounded-xl p-1 flex\"><div class=\"flex items-center\">\u00a0<\/div><\/div><\/div>\t\t\t\t\t\t\t\t<\/div>\n\t\t\t\t<\/div>\n\t\t\t\t<\/div>\n\t\t\t\t\t<\/div>\n\t\t\t\t<\/div>\n\t\t<div class=\"elementor-element elementor-element-5b817b0 e-con-full e-flex e-con e-parent\" data-id=\"5b817b0\" data-element_type=\"container\" data-settings=\"{&quot;background_background&quot;:&quot;classic&quot;}\">\n\t\t<div class=\"elementor-element elementor-element-acfeb92 e-con-full e-flex e-con e-child\" data-id=\"acfeb92\" data-element_type=\"container\">\n\t\t\t\t<div class=\"elementor-element elementor-element-d56ba23 elementor-widget elementor-widget-heading\" data-id=\"d56ba23\" data-element_type=\"widget\" data-widget_type=\"heading.default\">\n\t\t\t\t<div class=\"elementor-widget-container\">\n\t\t\t\t\t<h3 class=\"elementor-heading-title elementor-size-default\">Casque audio technica\nHaute Fid\u00e9lit\u00e9<\/h3>\t\t\t\t<\/div>\n\t\t\t\t<\/div>\n\t\t\t\t<div class=\"elementor-element elementor-element-bc1e462 elementor-widget elementor-widget-text-editor\" data-id=\"bc1e462\" data-element_type=\"widget\" data-widget_type=\"text-editor.default\">\n\t\t\t\t<div class=\"elementor-widget-container\">\n\t\t\t\t\t\t\t\t\t<p>Le syst\u00e8me Silent TwinTone est accompagn\u00e9 des \u00e9couteurs Audio-Technica, soigneusement s\u00e9lectionn\u00e9s pour sublimer l\u2019exp\u00e9rience d\u2019\u00e9coute de nos \u00e9chantillons sonores de haute qualit\u00e9. Ces \u00e9couteurs ferm\u00e9s, \u00e9l\u00e9gants et confortables, offrent une reproduction fid\u00e8le des sons de piano acoustique et isolent efficacement des bruits ext\u00e9rieurs, cr\u00e9ant une ambiance intime et immersive pendant que vous jouez.<\/p><p>Dot\u00e9s d\u2019une membrane aliment\u00e9e par un puissant aimant en n\u00e9odyme, ils garantissent une projection sonore claire avec des basses pr\u00e9cises et des aigus d\u00e9taill\u00e9s. Leur large r\u00e9ponse en fr\u00e9quence, de 15 \u00e0 28 000 Hz, capture chaque nuance sonore, m\u00eame au-del\u00e0 des capacit\u00e9s de l\u2019oreille humaine.<\/p><p>Pour prot\u00e9ger votre audition, le volume sonore est limit\u00e9 \u00e0 99 dB, alliant performance acoustique et s\u00e9curit\u00e9 optimale. Un choix d\u2019excellence pour une exp\u00e9rience musicale incomparable.<\/p>\t\t\t\t\t\t\t\t<\/div>\n\t\t\t\t<\/div>\n\t\t\t\t<\/div>\n\t\t<div class=\"elementor-element elementor-element-c1f6a50 e-con-full e-flex e-con e-child\" data-id=\"c1f6a50\" data-element_type=\"container\">\n\t\t\t\t<div class=\"elementor-element elementor-element-f0cb360 elementor-widget elementor-widget-image\" data-id=\"f0cb360\" data-element_type=\"widget\" data-widget_type=\"image.default\">\n\t\t\t\t<div class=\"elementor-widget-container\">\n\t\t\t\t\t\t\t\t\t\t\t\t\t\t\t<img loading=\"lazy\" decoding=\"async\" width=\"800\" height=\"600\" src=\"https:\/\/pianos-thiell-metz.fr\/wp-content\/uploads\/2024\/11\/SCH_twintone_kopfhoerer.webp\" class=\"attachment-large size-large wp-image-2535\" alt=\"\" srcset=\"https:\/\/pianos-thiell-metz.fr\/wp-content\/uploads\/2024\/11\/SCH_twintone_kopfhoerer.webp 800w, https:\/\/pianos-thiell-metz.fr\/wp-content\/uploads\/2024\/11\/SCH_twintone_kopfhoerer-300x225.webp 300w, https:\/\/pianos-thiell-metz.fr\/wp-content\/uploads\/2024\/11\/SCH_twintone_kopfhoerer-768x576.webp 768w, https:\/\/pianos-thiell-metz.fr\/wp-content\/uploads\/2024\/11\/SCH_twintone_kopfhoerer-600x450.webp 600w\" sizes=\"(max-width: 800px) 100vw, 800px\" \/>\t\t\t\t\t\t\t\t\t\t\t\t\t\t\t<\/div>\n\t\t\t\t<\/div>\n\t\t\t\t<\/div>\n\t\t\t\t<\/div>\n\t\t<div class=\"elementor-element elementor-element-68ad382 e-con-full e-flex e-con e-parent\" data-id=\"68ad382\" data-element_type=\"container\" data-settings=\"{&quot;background_background&quot;:&quot;classic&quot;}\">\n\t\t<div class=\"elementor-element elementor-element-760c93a e-con-full e-flex e-con e-child\" data-id=\"760c93a\" data-element_type=\"container\">\n\t\t\t\t<div class=\"elementor-element elementor-element-95c3883 elementor-widget elementor-widget-image\" data-id=\"95c3883\" data-element_type=\"widget\" data-widget_type=\"image.default\">\n\t\t\t\t<div class=\"elementor-widget-container\">\n\t\t\t\t\t\t\t\t\t\t\t\t\t\t\t<img loading=\"lazy\" decoding=\"async\" width=\"800\" height=\"600\" src=\"https:\/\/pianos-thiell-metz.fr\/wp-content\/uploads\/2024\/11\/SCH_twintone_bedienbarkeit.webp\" class=\"attachment-large size-large wp-image-2536\" alt=\"\" srcset=\"https:\/\/pianos-thiell-metz.fr\/wp-content\/uploads\/2024\/11\/SCH_twintone_bedienbarkeit.webp 800w, https:\/\/pianos-thiell-metz.fr\/wp-content\/uploads\/2024\/11\/SCH_twintone_bedienbarkeit-300x225.webp 300w, https:\/\/pianos-thiell-metz.fr\/wp-content\/uploads\/2024\/11\/SCH_twintone_bedienbarkeit-768x576.webp 768w, https:\/\/pianos-thiell-metz.fr\/wp-content\/uploads\/2024\/11\/SCH_twintone_bedienbarkeit-600x450.webp 600w\" sizes=\"(max-width: 800px) 100vw, 800px\" \/>\t\t\t\t\t\t\t\t\t\t\t\t\t\t\t<\/div>\n\t\t\t\t<\/div>\n\t\t\t\t<\/div>\n\t\t<div class=\"elementor-element elementor-element-7a7cfec e-con-full e-flex e-con e-child\" data-id=\"7a7cfec\" data-element_type=\"container\">\n\t\t\t\t<div class=\"elementor-element elementor-element-03fdb55 elementor-widget elementor-widget-heading\" data-id=\"03fdb55\" data-element_type=\"widget\" data-widget_type=\"heading.default\">\n\t\t\t\t<div class=\"elementor-widget-container\">\n\t\t\t\t\t<h3 class=\"elementor-heading-title elementor-size-default\">Simple d'utilisation \n visuellement discret<\/h3>\t\t\t\t<\/div>\n\t\t\t\t<\/div>\n\t\t\t\t<div class=\"elementor-element elementor-element-2909dc8 elementor-widget elementor-widget-text-editor\" data-id=\"2909dc8\" data-element_type=\"widget\" data-widget_type=\"text-editor.default\">\n\t\t\t\t<div class=\"elementor-widget-container\">\n\t\t\t\t\t\t\t\t\t<p>Le syst\u00e8me silencieux est \u00e9quip\u00e9 d\u2019un grand \u00e9cran tactile intuitif, int\u00e9gr\u00e9 directement sous le clavier. En le tirant ou en le poussant, il s\u2019allume ou s\u2019\u00e9teint en toute simplicit\u00e9 apr\u00e8s utilisation.<\/p><p>Les connectiques principales sont facilement accessibles \u00e0 l\u2019avant du panneau de commande, tandis que des connectiques suppl\u00e9mentaires sont discr\u00e8tement situ\u00e9es \u00e0 l\u2019arri\u00e8re.<\/p><p>L\u2019interface, con\u00e7ue pour \u00eatre conviviale, guide l\u2019utilisateur de mani\u00e8re intuitive \u00e0 travers les diff\u00e9rentes fonctionnalit\u00e9s via l\u2019\u00e9cran tactile, offrant une exp\u00e9rience fluide et agr\u00e9able.<\/p>\t\t\t\t\t\t\t\t<\/div>\n\t\t\t\t<\/div>\n\t\t\t\t<\/div>\n\t\t\t\t<\/div>\n\t\t\t\t<section class=\"elementor-section elementor-top-section elementor-element elementor-element-37c9fe45 elementor-section-full_width elementor-section-stretched elementor-section-height-default elementor-section-height-default\" data-id=\"37c9fe45\" data-element_type=\"section\" data-settings=\"{&quot;background_background&quot;:&quot;classic&quot;,&quot;stretch_section&quot;:&quot;section-stretched&quot;}\">\n\t\t\t\t\t\t<div class=\"elementor-container elementor-column-gap-default\">\n\t\t\t\t\t<div class=\"elementor-column elementor-col-100 elementor-top-column elementor-element elementor-element-334de329\" data-id=\"334de329\" data-element_type=\"column\">\n\t\t\t<div class=\"elementor-widget-wrap elementor-element-populated\">\n\t\t\t\t\t\t<div class=\"elementor-element elementor-element-7ce775bc elementor-widget elementor-widget-heading\" data-id=\"7ce775bc\" data-element_type=\"widget\" data-widget_type=\"heading.default\">\n\t\t\t\t<div class=\"elementor-widget-container\">\n\t\t\t\t\t<h5 class=\"elementor-heading-title elementor-size-default\">Besoins de plus d'informations ?<\/h5>\t\t\t\t<\/div>\n\t\t\t\t<\/div>\n\t\t\t\t<div class=\"elementor-element elementor-element-7dee651d elementor-widget elementor-widget-heading\" data-id=\"7dee651d\" data-element_type=\"widget\" data-widget_type=\"heading.default\">\n\t\t\t\t<div class=\"elementor-widget-container\">\n\t\t\t\t\t<h5 class=\"elementor-heading-title elementor-size-default\">Contactez-nous<\/h5>\t\t\t\t<\/div>\n\t\t\t\t<\/div>\n\t\t\t\t<div class=\"elementor-element elementor-element-6d162c4 elementor-align-center elementor-mobile-align-center elementor-widget elementor-widget-button\" data-id=\"6d162c4\" data-element_type=\"widget\" data-widget_type=\"button.default\">\n\t\t\t\t<div class=\"elementor-widget-container\">\n\t\t\t\t\t\t\t\t\t<div class=\"elementor-button-wrapper\">\n\t\t\t\t\t<a class=\"elementor-button elementor-button-link elementor-size-sm\" href=\"https:\/\/pianos-thiell-metz.fr\/?page_id=1957\">\n\t\t\t\t\t\t<span class=\"elementor-button-content-wrapper\">\n\t\t\t\t\t\t\t\t\t<span class=\"elementor-button-text\">Contactez-nous<\/span>\n\t\t\t\t\t<\/span>\n\t\t\t\t\t<\/a>\n\t\t\t\t<\/div>\n\t\t\t\t\t\t\t\t<\/div>\n\t\t\t\t<\/div>\n\t\t\t\t\t<\/div>\n\t\t<\/div>\n\t\t\t\t\t<\/div>\n\t\t<\/section>\n\t\t\t\t<\/div>\n\t\t","protected":false},"excerpt":{"rendered":"<p>Twintone SCHIMMEL PIANOS SCHIMMEL twintone \u00ab\u00a0La musique ne dort jamais\u00a0\u00bb OPTION PIANO SILENT Id\u00e9al en appartement ou pour un instrument destin\u00e9 \u00e0 \u00eatre plac\u00e9 dans le s\u00e9jour, le syst\u00e8me silent permet au pianiste de jouer sans d\u00e9ranger son entourage. Pour rajouter un syst\u00e8me silent sur votre piano, il est pr\u00e9f\u00e9rable de nous consulter. Vous pouvez [&hellip;]<\/p>\n","protected":false},"author":1,"featured_media":0,"parent":0,"menu_order":0,"comment_status":"closed","ping_status":"open","template":"","meta":{"footnotes":""},"class_list":["post-2519","page","type-page","status-publish","hentry"],"_links":{"self":[{"href":"https:\/\/pianos-thiell-metz.fr\/index.php?rest_route=\/wp\/v2\/pages\/2519","targetHints":{"allow":["GET"]}}],"collection":[{"href":"https:\/\/pianos-thiell-metz.fr\/index.php?rest_route=\/wp\/v2\/pages"}],"about":[{"href":"https:\/\/pianos-thiell-metz.fr\/index.php?rest_route=\/wp\/v2\/types\/page"}],"author":[{"embeddable":true,"href":"https:\/\/pianos-thiell-metz.fr\/index.php?rest_route=\/wp\/v2\/users\/1"}],"replies":[{"embeddable":true,"href":"https:\/\/pianos-thiell-metz.fr\/index.php?rest_route=%2Fwp%2Fv2%2Fcomments&post=2519"}],"version-history":[{"count":17,"href":"https:\/\/pianos-thiell-metz.fr\/index.php?rest_route=\/wp\/v2\/pages\/2519\/revisions"}],"predecessor-version":[{"id":2664,"href":"https:\/\/pianos-thiell-metz.fr\/index.php?rest_route=\/wp\/v2\/pages\/2519\/revisions\/2664"}],"wp:attachment":[{"href":"https:\/\/pianos-thiell-metz.fr\/index.php?rest_route=%2Fwp%2Fv2%2Fmedia&parent=2519"}],"curies":[{"name":"wp","href":"https:\/\/api.w.org\/{rel}","templated":true}]}}